{"id":11264,"date":"2023-09-11T20:59:27","date_gmt":"2023-09-11T18:59:27","guid":{"rendered":"https:\/\/myfive.travel\/?page_id=11264"},"modified":"2025-12-25T12:34:49","modified_gmt":"2025-12-25T11:34:49","slug":"terms","status":"publish","type":"page","link":"https:\/\/myfive.travel\/fr\/terms\/","title":{"rendered":"Les conditions de r\u00e9servation"},"content":{"rendered":"\n<p class=\"has-text-color has-medium-font-size\" style=\"color:#224a64\"><strong>Paiement<\/strong><\/p>\n\n\n\n<p class=\"has-text-color has-medium-font-size\" style=\"color:#224a64\">Nos coordonn\u00e9es :<\/p>\n\n\n\n<p class=\"has-text-color has-medium-font-size\" style=\"color:#224a64\">Soci\u00e9t\u00e9 \u00e0 responsabilit\u00e9 limit\u00e9e \u00ab\u00a0myFive\u00a0\u00bb Adresse l\u00e9gale : 86 rue Ridbachstrasse, Berne, CH-3027, Suisse Num\u00e9ro d&rsquo;enregistrement : CHE-409.216.726<\/p>\n\n\n\n<p class=\"has-text-color has-medium-font-size\" style=\"color:#224a64\">Nous acceptons les paiements par carte de cr\u00e9dit et virement bancaire. <\/p>\n\n\n\n<p class=\"has-text-color has-medium-font-size\" style=\"color:#224a64\">Nos comptes bancaires sont les suivants : CH75 0025 3253 1266 1301 K (CHF) et CH70 0025 3253 1266 1360 U (EUR). Banque : UBS Switzerland AG; BIC : UBSWCHZH80A<\/p>\n\n\n\n<p class=\"has-text-color has-medium-font-size\" style=\"color:#224a64\"><strong>Annulation de transferts et d&rsquo;excursions<\/strong><\/p>\n\n\n\n<p class=\"has-text-color has-medium-font-size\" style=\"color:#224a64\">L&rsquo;annulation effectu\u00e9e au moins 48 heures avant le d\u00e9but de la prestation de service ne comporte aucune p\u00e9nalit\u00e9, mais le client doit couvrir les frais li\u00e9s au remboursement de l&rsquo;acompte pr\u00e9alablement vers\u00e9 (si un acompte a \u00e9t\u00e9 vers\u00e9). L&rsquo;annulation effectu\u00e9e entre 24 et 48 heures avant le d\u00e9but de la prestation de service entra\u00eene une p\u00e9nalit\u00e9 \u00e9quivalente \u00e0 50 % du co\u00fbt du service. L&rsquo;annulation effectu\u00e9e moins de 24 heures avant le d\u00e9but de la prestation de service entra\u00eene une p\u00e9nalit\u00e9 \u00e9quivalente \u00e0 100 % du co\u00fbt du service. Si le client ne fournit pas le paiement complet dans les 48 heures pr\u00e9c\u00e9dant le d\u00e9but de la prestation de service, la soci\u00e9t\u00e9 se r\u00e9serve le droit d&rsquo;annuler la r\u00e9servation.<\/p>\n\n\n\n<p class=\"has-text-color has-medium-font-size\" style=\"color:#224a64\"><strong>Annulation de visites de groupe<\/strong><\/p>\n\n\n\n<p class=\"has-text-color has-medium-font-size\" style=\"color:#224a64\">L&rsquo;annulation effectu\u00e9e au moins 14 jours civils avant le d\u00e9but de la prestation de service ne comporte aucune p\u00e9nalit\u00e9, mais le client doit couvrir les frais li\u00e9s au remboursement de l&rsquo;acompte pr\u00e9alablement vers\u00e9 (si un acompte a \u00e9t\u00e9 vers\u00e9). L&rsquo;annulation effectu\u00e9e moins de 14 jours civils avant le d\u00e9but de la prestation de service entra\u00eene une p\u00e9nalit\u00e9 \u00e9quivalente \u00e0 100 % du co\u00fbt du service. Si le client ne fournit pas le paiement complet dans les 14 jours civils pr\u00e9c\u00e9dant le d\u00e9but de la prestation de service, la soci\u00e9t\u00e9 se r\u00e9serve le droit d&rsquo;annuler la r\u00e9servation.<\/p>\n\n\n\n<p class=\"has-text-color has-medium-font-size\" style=\"color:#224a64\"><strong>Informations suppl\u00e9mentaires<\/strong><\/p>\n\n\n\n<p class=\"has-text-color has-medium-font-size\" style=\"color:#224a64\">Les frais li\u00e9s au remboursement de l&rsquo;acompte au client sont les suivants : en cas de paiement pr\u00e9alable par virement bancaire en euros ou en francs suisses vers la Suisse, les pays de l&rsquo;Union europ\u00e9enne, l&rsquo;Islande, le Liechtenstein et la Norv\u00e8ge, le remboursement de l&rsquo;acompte est gratuit ; en cas de paiement pr\u00e9alable par virement bancaire dans d&rsquo;autres cas, le remboursement de l&rsquo;acompte est effectu\u00e9 pour 5 CHF ; en cas de paiement pr\u00e9alable par carte de cr\u00e9dit, le remboursement de l&rsquo;acompte est effectu\u00e9 pour 0,30 CHF plus 2,9 % du montant de l&rsquo;acompte. La soci\u00e9t\u00e9 n&rsquo;est pas responsable des pertes encourues par le client li\u00e9es \u00e0 la conversion de devises.<\/p>\n","protected":false},"excerpt":{"rendered":"<p>Paiement Nos coordonn\u00e9es : Soci\u00e9t\u00e9 \u00e0 responsabilit\u00e9 limit\u00e9e \u00ab\u00a0myFive\u00a0\u00bb Adresse l\u00e9gale : 86 rue Ridbachstrasse, Berne, CH-3027, Suisse Num\u00e9ro d&rsquo;enregistrement : CHE-409.216.726 Nous acceptons les paiements par carte de cr\u00e9dit et virement bancaire. Nos comptes bancaires sont les suivants : CH75 0025 3253 1266 1301 K (CHF) et CH70 0025 3253 1266 1360 U (EUR). [&hellip;]<\/p>\n","protected":false},"author":1,"featured_media":0,"parent":0,"menu_order":0,"comment_status":"closed","ping_status":"closed","template":"","meta":{"_acf_changed":false,"footnotes":""},"class_list":["post-11264","page","type-page","status-publish","hentry"],"acf":[],"yoast_head":"<!-- This site is optimized with the Yoast SEO plugin v27.4 - https:\/\/yoast.com\/product\/yoast-seo-wordpress\/ -->\n<title>myFive Travel - Les conditions de r\u00e9servation<\/title>\n<meta name=\"robots\" content=\"index, follow, max-snippet:-1, max-image-preview:large, max-video-preview:-1\" \/>\n<link rel=\"canonical\" href=\"https:\/\/myfive.travel\/fr\/terms\/\" \/>\n<meta property=\"og:locale\" content=\"fr_FR\" \/>\n<meta property=\"og:type\" content=\"article\" \/>\n<meta property=\"og:title\" content=\"myFive Travel - Les conditions de r\u00e9servation\" \/>\n<meta property=\"og:description\" content=\"Paiement Nos coordonn\u00e9es : Soci\u00e9t\u00e9 \u00e0 responsabilit\u00e9 limit\u00e9e \u00ab\u00a0myFive\u00a0\u00bb Adresse l\u00e9gale : 86 rue Ridbachstrasse, Berne, CH-3027, Suisse Num\u00e9ro d&rsquo;enregistrement : CHE-409.216.726 Nous acceptons les paiements par carte de cr\u00e9dit et virement bancaire. Nos comptes bancaires sont les suivants : CH75 0025 3253 1266 1301 K (CHF) et CH70 0025 3253 1266 1360 U (EUR). [&hellip;]\" \/>\n<meta property=\"og:url\" content=\"https:\/\/myfive.travel\/fr\/terms\/\" \/>\n<meta property=\"og:site_name\" content=\"myFive Travel\" \/>\n<meta property=\"article:modified_time\" content=\"2025-12-25T11:34:49+00:00\" \/>\n<meta name=\"twitter:card\" content=\"summary_large_image\" \/>\n<meta name=\"twitter:label1\" content=\"Dur\u00e9e de lecture estim\u00e9e\" \/>\n\t<meta name=\"twitter:data1\" content=\"3 minutes\" \/>\n<script type=\"application\/ld+json\" class=\"yoast-schema-graph\">{\"@context\":\"https:\\\/\\\/schema.org\",\"@graph\":[{\"@type\":\"WebPage\",\"@id\":\"https:\\\/\\\/myfive.travel\\\/fr\\\/terms\\\/\",\"url\":\"https:\\\/\\\/myfive.travel\\\/fr\\\/terms\\\/\",\"name\":\"myFive Travel - Les conditions de r\u00e9servation\",\"isPartOf\":{\"@id\":\"https:\\\/\\\/myfive.travel\\\/#website\"},\"datePublished\":\"2023-09-11T18:59:27+00:00\",\"dateModified\":\"2025-12-25T11:34:49+00:00\",\"breadcrumb\":{\"@id\":\"https:\\\/\\\/myfive.travel\\\/fr\\\/terms\\\/#breadcrumb\"},\"inLanguage\":\"fr-FR\",\"potentialAction\":[{\"@type\":\"ReadAction\",\"target\":[\"https:\\\/\\\/myfive.travel\\\/fr\\\/terms\\\/\"]}]},{\"@type\":\"BreadcrumbList\",\"@id\":\"https:\\\/\\\/myfive.travel\\\/fr\\\/terms\\\/#breadcrumb\",\"itemListElement\":[{\"@type\":\"ListItem\",\"position\":1,\"name\":\"\u0413\u043b\u0430\u0432\u043d\u0430\u044f \u0441\u0442\u0440\u0430\u043d\u0438\u0446\u0430\",\"item\":\"https:\\\/\\\/myfive.travel\\\/fr\\\/\"},{\"@type\":\"ListItem\",\"position\":2,\"name\":\"Les conditions de r\u00e9servation\"}]},{\"@type\":\"WebSite\",\"@id\":\"https:\\\/\\\/myfive.travel\\\/#website\",\"url\":\"https:\\\/\\\/myfive.travel\\\/\",\"name\":\"myFive Travel\",\"description\":\"\u042d\u043a\u0441\u043a\u0443\u0440\u0441\u0438\u0438 \u0438 \u0442\u0440\u0430\u043d\u0441\u0444\u0435\u0440\u044b \u043f\u043e \u0433\u043e\u0440\u043e\u0434\u0430\u043c \u0428\u0432\u0435\u0439\u0446\u0430\u0440\u0438\u0438\",\"potentialAction\":[{\"@type\":\"SearchAction\",\"target\":{\"@type\":\"EntryPoint\",\"urlTemplate\":\"https:\\\/\\\/myfive.travel\\\/?s={search_term_string}\"},\"query-input\":{\"@type\":\"PropertyValueSpecification\",\"valueRequired\":true,\"valueName\":\"search_term_string\"}}],\"inLanguage\":\"fr-FR\"}]}<\/script>\n<!-- \/ Yoast SEO plugin. -->","yoast_head_json":{"title":"myFive Travel - Les conditions de r\u00e9servation","robots":{"index":"index","follow":"follow","max-snippet":"max-snippet:-1","max-image-preview":"max-image-preview:large","max-video-preview":"max-video-preview:-1"},"canonical":"https:\/\/myfive.travel\/fr\/terms\/","og_locale":"fr_FR","og_type":"article","og_title":"myFive Travel - Les conditions de r\u00e9servation","og_description":"Paiement Nos coordonn\u00e9es : Soci\u00e9t\u00e9 \u00e0 responsabilit\u00e9 limit\u00e9e \u00ab\u00a0myFive\u00a0\u00bb Adresse l\u00e9gale : 86 rue Ridbachstrasse, Berne, CH-3027, Suisse Num\u00e9ro d&rsquo;enregistrement : CHE-409.216.726 Nous acceptons les paiements par carte de cr\u00e9dit et virement bancaire. Nos comptes bancaires sont les suivants : CH75 0025 3253 1266 1301 K (CHF) et CH70 0025 3253 1266 1360 U (EUR). [&hellip;]","og_url":"https:\/\/myfive.travel\/fr\/terms\/","og_site_name":"myFive Travel","article_modified_time":"2025-12-25T11:34:49+00:00","twitter_card":"summary_large_image","twitter_misc":{"Dur\u00e9e de lecture estim\u00e9e":"3 minutes"},"schema":{"@context":"https:\/\/schema.org","@graph":[{"@type":"WebPage","@id":"https:\/\/myfive.travel\/fr\/terms\/","url":"https:\/\/myfive.travel\/fr\/terms\/","name":"myFive Travel - Les conditions de r\u00e9servation","isPartOf":{"@id":"https:\/\/myfive.travel\/#website"},"datePublished":"2023-09-11T18:59:27+00:00","dateModified":"2025-12-25T11:34:49+00:00","breadcrumb":{"@id":"https:\/\/myfive.travel\/fr\/terms\/#breadcrumb"},"inLanguage":"fr-FR","potentialAction":[{"@type":"ReadAction","target":["https:\/\/myfive.travel\/fr\/terms\/"]}]},{"@type":"BreadcrumbList","@id":"https:\/\/myfive.travel\/fr\/terms\/#breadcrumb","itemListElement":[{"@type":"ListItem","position":1,"name":"\u0413\u043b\u0430\u0432\u043d\u0430\u044f \u0441\u0442\u0440\u0430\u043d\u0438\u0446\u0430","item":"https:\/\/myfive.travel\/fr\/"},{"@type":"ListItem","position":2,"name":"Les conditions de r\u00e9servation"}]},{"@type":"WebSite","@id":"https:\/\/myfive.travel\/#website","url":"https:\/\/myfive.travel\/","name":"myFive Travel","description":"\u042d\u043a\u0441\u043a\u0443\u0440\u0441\u0438\u0438 \u0438 \u0442\u0440\u0430\u043d\u0441\u0444\u0435\u0440\u044b \u043f\u043e \u0433\u043e\u0440\u043e\u0434\u0430\u043c \u0428\u0432\u0435\u0439\u0446\u0430\u0440\u0438\u0438","potentialAction":[{"@type":"SearchAction","target":{"@type":"EntryPoint","urlTemplate":"https:\/\/myfive.travel\/?s={search_term_string}"},"query-input":{"@type":"PropertyValueSpecification","valueRequired":true,"valueName":"search_term_string"}}],"inLanguage":"fr-FR"}]}},"_links":{"self":[{"href":"https:\/\/myfive.travel\/fr\/wp-json\/wp\/v2\/pages\/11264","targetHints":{"allow":["GET"]}}],"collection":[{"href":"https:\/\/myfive.travel\/fr\/wp-json\/wp\/v2\/pages"}],"about":[{"href":"https:\/\/myfive.travel\/fr\/wp-json\/wp\/v2\/types\/page"}],"author":[{"embeddable":true,"href":"https:\/\/myfive.travel\/fr\/wp-json\/wp\/v2\/users\/1"}],"replies":[{"embeddable":true,"href":"https:\/\/myfive.travel\/fr\/wp-json\/wp\/v2\/comments?post=11264"}],"version-history":[{"count":4,"href":"https:\/\/myfive.travel\/fr\/wp-json\/wp\/v2\/pages\/11264\/revisions"}],"predecessor-version":[{"id":14759,"href":"https:\/\/myfive.travel\/fr\/wp-json\/wp\/v2\/pages\/11264\/revisions\/14759"}],"wp:attachment":[{"href":"https:\/\/myfive.travel\/fr\/wp-json\/wp\/v2\/media?parent=11264"}],"curies":[{"name":"wp","href":"https:\/\/api.w.org\/{rel}","templated":true}]}}