{"id":11272,"date":"2023-09-11T21:16:02","date_gmt":"2023-09-11T19:16:02","guid":{"rendered":"https:\/\/myfive.travel\/?page_id=11272"},"modified":"2023-09-11T21:28:16","modified_gmt":"2023-09-11T19:28:16","slug":"qui-sommes-nous","status":"publish","type":"page","link":"https:\/\/myfive.travel\/fr\/qui-sommes-nous\/","title":{"rendered":"Qui sommes-nous ?"},"content":{"rendered":"\n<p class=\"has-text-color has-medium-font-size\" style=\"color:#224a64\">Nous sommes une \u00e9quipe fiable et exp\u00e9riment\u00e9e de professionnels dans le domaine du tourisme.<\/p>\n\n\n\n<p class=\"has-text-color has-medium-font-size\" style=\"color:#224a64\">Notre objectif est de cr\u00e9er des exp\u00e9riences inoubliables.<\/p>\n\n\n\n<p class=\"has-text-color has-medium-font-size\" style=\"color:#224a64\">Notre mission est d&rsquo;utiliser le tourisme pour rendre ce monde plus harmonieux et plus heureux.<\/p>\n\n\n\n<p class=\"has-text-color has-medium-font-size\" style=\"color:#224a64\">Notre avantage concurrentiel est la qualit\u00e9 que nous offrons de mani\u00e8re constante.<\/p>\n\n\n\n<p class=\"has-text-color has-medium-font-size\" style=\"color:#224a64\">La Suisse &#8211; c&rsquo;est mieux avec nous !<\/p>\n","protected":false},"excerpt":{"rendered":"<p>Nous sommes une \u00e9quipe fiable et exp\u00e9riment\u00e9e de professionnels dans le domaine du tourisme. Notre objectif est de cr\u00e9er des exp\u00e9riences inoubliables. Notre mission est d&rsquo;utiliser le tourisme pour rendre ce monde plus harmonieux et plus heureux. Notre avantage concurrentiel est la qualit\u00e9 que nous offrons de mani\u00e8re constante. La Suisse &#8211; c&rsquo;est mieux avec [&hellip;]<\/p>\n","protected":false},"author":1,"featured_media":0,"parent":0,"menu_order":0,"comment_status":"closed","ping_status":"closed","template":"templates\/contacts.php","meta":{"_acf_changed":false,"footnotes":""},"class_list":["post-11272","page","type-page","status-publish","hentry"],"acf":[],"yoast_head":"<!-- This site is optimized with the Yoast SEO plugin v27.4 - https:\/\/yoast.com\/product\/yoast-seo-wordpress\/ -->\n<title>myFive Travel - Qui sommes-nous ?<\/title>\n<meta name=\"robots\" content=\"index, follow, max-snippet:-1, max-image-preview:large, max-video-preview:-1\" \/>\n<link rel=\"canonical\" href=\"https:\/\/myfive.travel\/fr\/qui-sommes-nous\/\" \/>\n<meta property=\"og:locale\" content=\"fr_FR\" \/>\n<meta property=\"og:type\" content=\"article\" \/>\n<meta property=\"og:title\" content=\"myFive Travel - Qui sommes-nous ?\" \/>\n<meta property=\"og:description\" content=\"Nous sommes une \u00e9quipe fiable et exp\u00e9riment\u00e9e de professionnels dans le domaine du tourisme. Notre objectif est de cr\u00e9er des exp\u00e9riences inoubliables. Notre mission est d&rsquo;utiliser le tourisme pour rendre ce monde plus harmonieux et plus heureux. Notre avantage concurrentiel est la qualit\u00e9 que nous offrons de mani\u00e8re constante. La Suisse &#8211; c&rsquo;est mieux avec [&hellip;]\" \/>\n<meta property=\"og:url\" content=\"https:\/\/myfive.travel\/fr\/qui-sommes-nous\/\" \/>\n<meta property=\"og:site_name\" content=\"myFive Travel\" \/>\n<meta property=\"article:modified_time\" content=\"2023-09-11T19:28:16+00:00\" \/>\n<meta name=\"twitter:card\" content=\"summary_large_image\" \/>\n<meta name=\"twitter:label1\" content=\"Dur\u00e9e de lecture estim\u00e9e\" \/>\n\t<meta name=\"twitter:data1\" content=\"1 minute\" \/>\n<script type=\"application\/ld+json\" class=\"yoast-schema-graph\">{\"@context\":\"https:\\\/\\\/schema.org\",\"@graph\":[{\"@type\":\"WebPage\",\"@id\":\"https:\\\/\\\/myfive.travel\\\/fr\\\/qui-sommes-nous\\\/\",\"url\":\"https:\\\/\\\/myfive.travel\\\/fr\\\/qui-sommes-nous\\\/\",\"name\":\"myFive Travel - Qui sommes-nous ?\",\"isPartOf\":{\"@id\":\"https:\\\/\\\/myfive.travel\\\/#website\"},\"datePublished\":\"2023-09-11T19:16:02+00:00\",\"dateModified\":\"2023-09-11T19:28:16+00:00\",\"breadcrumb\":{\"@id\":\"https:\\\/\\\/myfive.travel\\\/fr\\\/qui-sommes-nous\\\/#breadcrumb\"},\"inLanguage\":\"fr-FR\",\"potentialAction\":[{\"@type\":\"ReadAction\",\"target\":[\"https:\\\/\\\/myfive.travel\\\/fr\\\/qui-sommes-nous\\\/\"]}]},{\"@type\":\"BreadcrumbList\",\"@id\":\"https:\\\/\\\/myfive.travel\\\/fr\\\/qui-sommes-nous\\\/#breadcrumb\",\"itemListElement\":[{\"@type\":\"ListItem\",\"position\":1,\"name\":\"\u0413\u043b\u0430\u0432\u043d\u0430\u044f \u0441\u0442\u0440\u0430\u043d\u0438\u0446\u0430\",\"item\":\"https:\\\/\\\/myfive.travel\\\/fr\\\/\"},{\"@type\":\"ListItem\",\"position\":2,\"name\":\"Qui sommes-nous ?\"}]},{\"@type\":\"WebSite\",\"@id\":\"https:\\\/\\\/myfive.travel\\\/#website\",\"url\":\"https:\\\/\\\/myfive.travel\\\/\",\"name\":\"myFive Travel\",\"description\":\"\u042d\u043a\u0441\u043a\u0443\u0440\u0441\u0438\u0438 \u0438 \u0442\u0440\u0430\u043d\u0441\u0444\u0435\u0440\u044b \u043f\u043e \u0433\u043e\u0440\u043e\u0434\u0430\u043c \u0428\u0432\u0435\u0439\u0446\u0430\u0440\u0438\u0438\",\"potentialAction\":[{\"@type\":\"SearchAction\",\"target\":{\"@type\":\"EntryPoint\",\"urlTemplate\":\"https:\\\/\\\/myfive.travel\\\/?s={search_term_string}\"},\"query-input\":{\"@type\":\"PropertyValueSpecification\",\"valueRequired\":true,\"valueName\":\"search_term_string\"}}],\"inLanguage\":\"fr-FR\"}]}<\/script>\n<!-- \/ Yoast SEO plugin. -->","yoast_head_json":{"title":"myFive Travel - Qui sommes-nous ?","robots":{"index":"index","follow":"follow","max-snippet":"max-snippet:-1","max-image-preview":"max-image-preview:large","max-video-preview":"max-video-preview:-1"},"canonical":"https:\/\/myfive.travel\/fr\/qui-sommes-nous\/","og_locale":"fr_FR","og_type":"article","og_title":"myFive Travel - Qui sommes-nous ?","og_description":"Nous sommes une \u00e9quipe fiable et exp\u00e9riment\u00e9e de professionnels dans le domaine du tourisme. Notre objectif est de cr\u00e9er des exp\u00e9riences inoubliables. Notre mission est d&rsquo;utiliser le tourisme pour rendre ce monde plus harmonieux et plus heureux. Notre avantage concurrentiel est la qualit\u00e9 que nous offrons de mani\u00e8re constante. La Suisse &#8211; c&rsquo;est mieux avec [&hellip;]","og_url":"https:\/\/myfive.travel\/fr\/qui-sommes-nous\/","og_site_name":"myFive Travel","article_modified_time":"2023-09-11T19:28:16+00:00","twitter_card":"summary_large_image","twitter_misc":{"Dur\u00e9e de lecture estim\u00e9e":"1 minute"},"schema":{"@context":"https:\/\/schema.org","@graph":[{"@type":"WebPage","@id":"https:\/\/myfive.travel\/fr\/qui-sommes-nous\/","url":"https:\/\/myfive.travel\/fr\/qui-sommes-nous\/","name":"myFive Travel - Qui sommes-nous ?","isPartOf":{"@id":"https:\/\/myfive.travel\/#website"},"datePublished":"2023-09-11T19:16:02+00:00","dateModified":"2023-09-11T19:28:16+00:00","breadcrumb":{"@id":"https:\/\/myfive.travel\/fr\/qui-sommes-nous\/#breadcrumb"},"inLanguage":"fr-FR","potentialAction":[{"@type":"ReadAction","target":["https:\/\/myfive.travel\/fr\/qui-sommes-nous\/"]}]},{"@type":"BreadcrumbList","@id":"https:\/\/myfive.travel\/fr\/qui-sommes-nous\/#breadcrumb","itemListElement":[{"@type":"ListItem","position":1,"name":"\u0413\u043b\u0430\u0432\u043d\u0430\u044f \u0441\u0442\u0440\u0430\u043d\u0438\u0446\u0430","item":"https:\/\/myfive.travel\/fr\/"},{"@type":"ListItem","position":2,"name":"Qui sommes-nous ?"}]},{"@type":"WebSite","@id":"https:\/\/myfive.travel\/#website","url":"https:\/\/myfive.travel\/","name":"myFive Travel","description":"\u042d\u043a\u0441\u043a\u0443\u0440\u0441\u0438\u0438 \u0438 \u0442\u0440\u0430\u043d\u0441\u0444\u0435\u0440\u044b \u043f\u043e \u0433\u043e\u0440\u043e\u0434\u0430\u043c \u0428\u0432\u0435\u0439\u0446\u0430\u0440\u0438\u0438","potentialAction":[{"@type":"SearchAction","target":{"@type":"EntryPoint","urlTemplate":"https:\/\/myfive.travel\/?s={search_term_string}"},"query-input":{"@type":"PropertyValueSpecification","valueRequired":true,"valueName":"search_term_string"}}],"inLanguage":"fr-FR"}]}},"_links":{"self":[{"href":"https:\/\/myfive.travel\/fr\/wp-json\/wp\/v2\/pages\/11272","targetHints":{"allow":["GET"]}}],"collection":[{"href":"https:\/\/myfive.travel\/fr\/wp-json\/wp\/v2\/pages"}],"about":[{"href":"https:\/\/myfive.travel\/fr\/wp-json\/wp\/v2\/types\/page"}],"author":[{"embeddable":true,"href":"https:\/\/myfive.travel\/fr\/wp-json\/wp\/v2\/users\/1"}],"replies":[{"embeddable":true,"href":"https:\/\/myfive.travel\/fr\/wp-json\/wp\/v2\/comments?post=11272"}],"version-history":[{"count":2,"href":"https:\/\/myfive.travel\/fr\/wp-json\/wp\/v2\/pages\/11272\/revisions"}],"predecessor-version":[{"id":11276,"href":"https:\/\/myfive.travel\/fr\/wp-json\/wp\/v2\/pages\/11272\/revisions\/11276"}],"wp:attachment":[{"href":"https:\/\/myfive.travel\/fr\/wp-json\/wp\/v2\/media?parent=11272"}],"curies":[{"name":"wp","href":"https:\/\/api.w.org\/{rel}","templated":true}]}}